{"id":39,"date":"2019-05-03T19:40:31","date_gmt":"2019-05-03T18:40:31","guid":{"rendered":"https:\/\/brittgodingens.se\/?page_id=39"},"modified":"2022-07-13T21:22:48","modified_gmt":"2022-07-13T20:22:48","slug":"om-oss","status":"publish","type":"page","link":"https:\/\/brittgodingens.se\/?page_id=39","title":{"rendered":"Om oss"},"content":{"rendered":"\t\t<div data-elementor-type=\"wp-post\" data-elementor-id=\"39\" class=\"elementor elementor-39\" data-elementor-settings=\"[]\">\n\t\t\t\t\t\t<div class=\"elementor-inner\">\n\t\t\t\t\t\t\t<div class=\"elementor-section-wrap\">\n\t\t\t\t\t\t\t<section class=\"elementor-section elementor-top-section elementor-element elementor-element-6c480ac elementor-section-boxed elementor-section-height-default elementor-section-height-default\" data-id=\"6c480ac\" data-element_type=\"section\">\n\t\t\t\t\t\t<div class=\"elementor-container elementor-column-gap-default\">\n\t\t\t\t\t\t\t<div class=\"elementor-row\">\n\t\t\t\t\t<div class=\"elementor-column elementor-col-100 elementor-top-column elementor-element elementor-element-ca78a7e\" data-id=\"ca78a7e\" data-element_type=\"column\">\n\t\t\t<div class=\"elementor-column-wrap elementor-element-populated\">\n\t\t\t\t\t\t\t<div class=\"elementor-widget-wrap\">\n\t\t\t\t\t\t<div class=\"elementor-element elementor-element-835466a elementor-widget elementor-widget-text-editor\" data-id=\"835466a\" data-element_type=\"widget\" data-widget_type=\"text-editor.default\">\n\t\t\t\t<div class=\"elementor-widget-container\">\n\t\t\t\t\t\t\t\t<div class=\"elementor-text-editor elementor-clearfix\">\n\t\t\t\t<p>Hej!<\/p><p>Jag Martina B\u00f6hm tillsammans med min mamma Sonja J\u00f6nsson har en liten uppf\u00f6dning av rasen brittiskt korth\u00e5r. Vi bor b\u00e5da i Lidk\u00f6ping och har tillsammans sex katter<b> Sigge, Sixten, Edith och Giza, Hanna och Jonte. <\/b>Vi \u00e4r medlemmar i Billingebygdens kattklubb.<\/p><p><span style=\"letter-spacing: 0px;\">Vi b\u00f6rjade v\u00e5r uppf\u00f6dning 2004 och det med v\u00e5r allra f\u00f6rsta britt<\/span><b style=\"letter-spacing: 0px;\"> IC SE*My Heart&#8217;s Cindy Coltrain <\/b><span style=\"letter-spacing: 0px;\">som fick tv\u00e5 kattungar Alice och Adam. Vi f\u00f6dde upp 6 kullar mellan \u00e5ren 2004 och 2007. Vi tog sedan en paus fr\u00e5n uppf\u00f6dningen, men har nu startat igen och fick v\u00e5r f\u00f6rsta kull med Edith 2019. Edith fick tre kullar men har nu kastrerats. Nu \u00e4r det hennes d\u00f6ttrar Giza och Hanna som tar \u00f6ver.<\/span><\/p>\t\t\t\t\t<\/div>\n\t\t\t\t\t\t<\/div>\n\t\t\t\t<\/div>\n\t\t\t\t<div class=\"elementor-element elementor-element-6fd6830 elementor-widget elementor-widget-image\" data-id=\"6fd6830\" data-element_type=\"widget\" data-widget_type=\"image.default\">\n\t\t\t\t<div class=\"elementor-widget-container\">\n\t\t\t\t\t\t\t\t<div class=\"elementor-image\">\n\t\t\t\t\t\t\t\t\t\t\t\t<img width=\"300\" height=\"300\" src=\"https:\/\/brittgodingens.se\/wp-content\/uploads\/2020\/12\/received_374975563820819-300x300.jpeg\" class=\"attachment-medium size-medium\" alt=\"\" loading=\"lazy\" srcset=\"https:\/\/brittgodingens.se\/wp-content\/uploads\/2020\/12\/received_374975563820819-300x300.jpeg 300w, https:\/\/brittgodingens.se\/wp-content\/uploads\/2020\/12\/received_374975563820819-150x150.jpeg 150w, https:\/\/brittgodingens.se\/wp-content\/uploads\/2020\/12\/received_374975563820819-768x768.jpeg 768w, https:\/\/brittgodingens.se\/wp-content\/uploads\/2020\/12\/received_374975563820819-75x75.jpeg 75w, https:\/\/brittgodingens.se\/wp-content\/uploads\/2020\/12\/received_374975563820819.jpeg 960w\" sizes=\"(max-width: 300px) 100vw, 300px\" \/>\t\t\t\t\t\t\t\t\t\t\t\t\t\t<\/div>\n\t\t\t\t\t\t<\/div>\n\t\t\t\t<\/div>\n\t\t\t\t\t\t<\/div>\n\t\t\t\t\t<\/div>\n\t\t<\/div>\n\t\t\t\t\t\t\t\t<\/div>\n\t\t\t\t\t<\/div>\n\t\t<\/section>\n\t\t\t\t\t\t<\/div>\n\t\t\t\t\t\t<\/div>\n\t\t\t\t\t<\/div>\n\t\t","protected":false},"excerpt":{"rendered":"<p>Hej! Jag Martina B\u00f6hm tillsammans med min mamma Sonja J\u00f6nsson har en liten uppf\u00f6dning av rasen brittiskt korth\u00e5r. Vi bor b\u00e5da i Lidk\u00f6ping och har tillsammans sex katter Sigge, Sixten, Edith och Giza, Hanna och Jonte. Vi \u00e4r medlemmar i Billingebygdens kattklubb. Vi b\u00f6rjade v\u00e5r uppf\u00f6dning 2004 och det med v\u00e5r allra f\u00f6rsta britt IC SE*My Heart&#8217;s Cindy Coltrain som fick tv\u00e5 kattungar Alice och Adam. Vi f\u00f6dde upp 6 kullar mellan \u00e5ren 2004 och 2007. Vi tog sedan en paus fr\u00e5n uppf\u00f6dningen, men har nu startat igen och fick v\u00e5r f\u00f6rsta kull med Edith 2019. Edith fick tre kullar men har nu kastrerats. Nu \u00e4r det hennes d\u00f6ttrar Giza och Hanna som tar \u00f6ver.<\/p>\n","protected":false},"author":1,"featured_media":0,"parent":0,"menu_order":0,"comment_status":"closed","ping_status":"closed","template":"","meta":[],"_links":{"self":[{"href":"https:\/\/brittgodingens.se\/index.php?rest_route=\/wp\/v2\/pages\/39"}],"collection":[{"href":"https:\/\/brittgodingens.se\/index.php?rest_route=\/wp\/v2\/pages"}],"about":[{"href":"https:\/\/brittgodingens.se\/index.php?rest_route=\/wp\/v2\/types\/page"}],"author":[{"embeddable":true,"href":"https:\/\/brittgodingens.se\/index.php?rest_route=\/wp\/v2\/users\/1"}],"replies":[{"embeddable":true,"href":"https:\/\/brittgodingens.se\/index.php?rest_route=%2Fwp%2Fv2%2Fcomments&post=39"}],"version-history":[{"count":17,"href":"https:\/\/brittgodingens.se\/index.php?rest_route=\/wp\/v2\/pages\/39\/revisions"}],"predecessor-version":[{"id":642,"href":"https:\/\/brittgodingens.se\/index.php?rest_route=\/wp\/v2\/pages\/39\/revisions\/642"}],"wp:attachment":[{"href":"https:\/\/brittgodingens.se\/index.php?rest_route=%2Fwp%2Fv2%2Fmedia&parent=39"}],"curies":[{"name":"wp","href":"https:\/\/api.w.org\/{rel}","templated":true}]}}