{"id":268,"date":"2020-05-16T20:10:22","date_gmt":"2020-05-16T19:10:22","guid":{"rendered":"https:\/\/brittgodingens.se\/?page_id=268"},"modified":"2021-11-02T08:23:26","modified_gmt":"2021-11-02T07:23:26","slug":"kattungar-2","status":"publish","type":"page","link":"https:\/\/brittgodingens.se\/?page_id=268","title":{"rendered":"Kattungar"},"content":{"rendered":"\t\t<div data-elementor-type=\"wp-page\" data-elementor-id=\"268\" class=\"elementor elementor-268\" data-elementor-settings=\"[]\">\n\t\t\t\t\t\t<div class=\"elementor-inner\">\n\t\t\t\t\t\t\t<div class=\"elementor-section-wrap\">\n\t\t\t\t\t\t\t<section class=\"elementor-section elementor-top-section elementor-element elementor-element-9e27da8 elementor-section-boxed elementor-section-height-default elementor-section-height-default\" data-id=\"9e27da8\" data-element_type=\"section\">\n\t\t\t\t\t\t<div class=\"elementor-container elementor-column-gap-default\">\n\t\t\t\t\t\t\t<div class=\"elementor-row\">\n\t\t\t\t\t<div class=\"elementor-column elementor-col-100 elementor-top-column elementor-element elementor-element-e6b02ed\" data-id=\"e6b02ed\" data-element_type=\"column\">\n\t\t\t<div class=\"elementor-column-wrap elementor-element-populated\">\n\t\t\t\t\t\t\t<div class=\"elementor-widget-wrap\">\n\t\t\t\t\t\t<div class=\"elementor-element elementor-element-8057b58 elementor-widget elementor-widget-image\" data-id=\"8057b58\" data-element_type=\"widget\" data-widget_type=\"image.default\">\n\t\t\t\t<div class=\"elementor-widget-container\">\n\t\t\t\t\t\t\t\t<div class=\"elementor-image\">\n\t\t\t\t\t\t\t\t\t\t\t\t<img width=\"960\" height=\"720\" src=\"https:\/\/brittgodingens.se\/wp-content\/uploads\/2019\/11\/20191113_144415-1024x768.jpg\" class=\"attachment-large size-large\" alt=\"\" loading=\"lazy\" srcset=\"https:\/\/brittgodingens.se\/wp-content\/uploads\/2019\/11\/20191113_144415-1024x768.jpg 1024w, https:\/\/brittgodingens.se\/wp-content\/uploads\/2019\/11\/20191113_144415-300x225.jpg 300w, https:\/\/brittgodingens.se\/wp-content\/uploads\/2019\/11\/20191113_144415-768x576.jpg 768w, https:\/\/brittgodingens.se\/wp-content\/uploads\/2019\/11\/20191113_144415-1140x855.jpg 1140w\" sizes=\"(max-width: 960px) 100vw, 960px\" \/>\t\t\t\t\t\t\t\t\t\t\t\t\t\t<\/div>\n\t\t\t\t\t\t<\/div>\n\t\t\t\t<\/div>\n\t\t\t\t<div class=\"elementor-element elementor-element-bd12712 elementor-widget elementor-widget-text-editor\" data-id=\"bd12712\" data-element_type=\"widget\" data-widget_type=\"text-editor.default\">\n\t\t\t\t<div class=\"elementor-widget-container\">\n\t\t\t\t\t\t\t\t<div class=\"elementor-text-editor elementor-clearfix\">\n\t\t\t\t<p><b>N\u00e4r kattungarna flyttar \u00e4r de<\/b><\/p><ul><li><span style=\"letter-spacing: 0px;\">Minst 12 veckor<\/span><\/li><li><span style=\"letter-spacing: 0px;\">Vaccinerade 2 ggr mot kattpest o kattsnuva<\/span><\/li><li><span style=\"letter-spacing: 0px;\">Veterin\u00e4rbesiktade<\/span><\/li><li><span style=\"letter-spacing: 0px;\">Chipm\u00e4rkta<\/span><\/li><li><span style=\"letter-spacing: 0px;\">Avmaskade<\/span><\/li><li><span style=\"letter-spacing: 0px;\">Registrerade i SVERAK med stamtavla<\/span><\/li><li><span style=\"letter-spacing: 0px;\">Dolda fel f\u00f6rs\u00e4krade genom Agria<\/span><\/li><li><span style=\"letter-spacing: 0px;\">Fullt f\u00f6rs\u00e4krade hos Agria fr\u00e5n 6 veckors \u00e5lder<\/span><\/li><\/ul>\t\t\t\t\t<\/div>\n\t\t\t\t\t\t<\/div>\n\t\t\t\t<\/div>\n\t\t\t\t\t\t<\/div>\n\t\t\t\t\t<\/div>\n\t\t<\/div>\n\t\t\t\t\t\t\t\t<\/div>\n\t\t\t\t\t<\/div>\n\t\t<\/section>\n\t\t\t\t\t\t<\/div>\n\t\t\t\t\t\t<\/div>\n\t\t\t\t\t<\/div>\n\t\t","protected":false},"excerpt":{"rendered":"<p>N\u00e4r kattungarna flyttar \u00e4r de Minst 12 veckor Vaccinerade 2 ggr mot kattpest o kattsnuva Veterin\u00e4rbesiktade Chipm\u00e4rkta Avmaskade Registrerade i SVERAK med stamtavla Dolda fel f\u00f6rs\u00e4krade genom Agria Fullt f\u00f6rs\u00e4krade hos Agria fr\u00e5n 6 veckors \u00e5lder<\/p>\n","protected":false},"author":1,"featured_media":0,"parent":0,"menu_order":0,"comment_status":"closed","ping_status":"closed","template":"","meta":[],"_links":{"self":[{"href":"https:\/\/brittgodingens.se\/index.php?rest_route=\/wp\/v2\/pages\/268"}],"collection":[{"href":"https:\/\/brittgodingens.se\/index.php?rest_route=\/wp\/v2\/pages"}],"about":[{"href":"https:\/\/brittgodingens.se\/index.php?rest_route=\/wp\/v2\/types\/page"}],"author":[{"embeddable":true,"href":"https:\/\/brittgodingens.se\/index.php?rest_route=\/wp\/v2\/users\/1"}],"replies":[{"embeddable":true,"href":"https:\/\/brittgodingens.se\/index.php?rest_route=%2Fwp%2Fv2%2Fcomments&post=268"}],"version-history":[{"count":5,"href":"https:\/\/brittgodingens.se\/index.php?rest_route=\/wp\/v2\/pages\/268\/revisions"}],"predecessor-version":[{"id":403,"href":"https:\/\/brittgodingens.se\/index.php?rest_route=\/wp\/v2\/pages\/268\/revisions\/403"}],"wp:attachment":[{"href":"https:\/\/brittgodingens.se\/index.php?rest_route=%2Fwp%2Fv2%2Fmedia&parent=268"}],"curies":[{"name":"wp","href":"https:\/\/api.w.org\/{rel}","templated":true}]}}